{"id":8,"date":"2024-01-22T22:07:08","date_gmt":"2024-01-22T22:07:08","guid":{"rendered":"https:\/\/etagere-de-bureau.eu\/?page_id=8"},"modified":"2024-02-27T21:56:41","modified_gmt":"2024-02-27T21:56:41","slug":"letagere-de-bureau-comment-choisir-le-meuble-ideal-pour-un-espace-de-travail-fonctionnel","status":"publish","type":"page","link":"https:\/\/etagere-de-bureau.eu\/","title":{"rendered":"L&#8217;\u00e9tag\u00e8re de bureau: Espace de Travail Fonctionnel"},"content":{"rendered":"\n<p>Vous cherchez \u00e0 optimiser votre espace de travail avec une l&#8217;\u00e9tag\u00e8re de bureau ? Ne cherchez pas plus loin&nbsp; !Nous allons vous pr\u00e9senter les diff\u00e9rents types d&#8217;\u00e9tag\u00e8res de bureau disponibles sur le march\u00e9, ainsi que vous donner des conseils sur la mani\u00e8re d&#8217;optimiser votre espace de travail. De plus, nous vous pr\u00e9senterons les \u00e9tag\u00e8res de bureau en bois Oakywood, parfaites pour un home office tendance. D\u00e9couvrez comment configurer votre \u00e9tag\u00e8re de bureau Oakywood pour cr\u00e9er un espace de travail fonctionnel et esth\u00e9tique.<\/p>\n\n\n\n<figure class=\"wp-block-image size-full\"><img loading=\"lazy\" decoding=\"async\" width=\"709\" height=\"469\" src=\"https:\/\/etagere-de-bureau.eu\/wp-content\/uploads\/2024\/01\/image.png\" alt=\"etagere de bureau\" class=\"wp-image-14\" srcset=\"https:\/\/etagere-de-bureau.eu\/wp-content\/uploads\/2024\/01\/image.png 709w, https:\/\/etagere-de-bureau.eu\/wp-content\/uploads\/2024\/01\/image-300x198.png 300w\" sizes=\"(max-width: 709px) 100vw, 709px\" \/><\/figure>\n\n\n\n<h2 class=\"wp-block-heading\">Placement pratique de deux moniteurs <\/h2>\n\n\n\n<p>Si vous travaillez avec deux moniteurs, vous savez \u00e0 quel point il peut \u00eatre difficile de les placer sur votre bureau. Cependant, en utilisant une \u00e9tag\u00e8re de bureau, vous pouvez organiser votre espace de travail de mani\u00e8re efficace et pratique. La plupart des \u00e9tag\u00e8res de bureau sont assez larges pour accueillir deux moniteurs c\u00f4te \u00e0 c\u00f4te. Vous pouvez \u00e9galement ajuster la hauteur de l&#8217;\u00e9tag\u00e8re pour que les moniteurs soient \u00e0 la hauteur des yeux, ce qui r\u00e9duit la fatigue oculaire et am\u00e9liore le confort d&#8217;utilisation. Cela lib\u00e8re \u00e9galement de l&#8217;espace sur votre bureau pour d&#8217;autres accessoires tels que des haut-parleurs, un clavier et une souris. Avec cette m\u00e9thode, vous pouvez am\u00e9liorer consid\u00e9rablement votre productivit\u00e9 en travaillant plus confortablement avec vos deux moniteurs.<\/p>\n\n\n\n<h2 class=\"wp-block-heading\">Organisation accrue sur le bureau gr\u00e2ce \u00e0 une \u00e9tag\u00e8re de bureau<\/h2>\n\n\n\n<p>Une \u00e9tag\u00e8re de bureau est un accessoire indispensable pour organiser efficacement son espace de travail. Gr\u00e2ce \u00e0 elle, il est possible de lib\u00e9rer de l&#8217;espace sur le bureau en y posant des objets qui \u00e9taient auparavant \u00e9parpill\u00e9s.Les \u00e9tag\u00e8res peuvent \u00eatre utilis\u00e9es pour ranger des livres, chargeurs, bo\u00eetes de rangement et bien plus encore. En outre, les \u00e9tag\u00e8res peuvent \u00e9galement \u00eatre utilis\u00e9es pour afficher des objets d\u00e9coratifs tels que des plantes ou des cadres photo. L&#8217;ajout d&#8217;une \u00e9tag\u00e8re sur votre bureau peut vous aider \u00e0 mieux visualiser et \u00e0 trouver rapidement ce dont vous avez besoin. Cela contribue grandement \u00e0 une organisation accrue et \u00e0 une productivit\u00e9 am\u00e9lior\u00e9e.<\/p>\n\n\n\n<figure class=\"wp-block-image size-full\"><img loading=\"lazy\" decoding=\"async\" width=\"708\" height=\"471\" src=\"https:\/\/etagere-de-bureau.eu\/wp-content\/uploads\/2024\/01\/image-1.png\" alt=\"etagere de bureau\" class=\"wp-image-15\" srcset=\"https:\/\/etagere-de-bureau.eu\/wp-content\/uploads\/2024\/01\/image-1.png 708w, https:\/\/etagere-de-bureau.eu\/wp-content\/uploads\/2024\/01\/image-1-300x200.png 300w\" sizes=\"(max-width: 708px) 100vw, 708px\" \/><\/figure>\n\n\n\n<h2 class=\"wp-block-heading\">\u00c9tag\u00e8res de bureau en bois Oakywood pour home office<\/h2>\n\n\n\n<p>Les \u00e9tag\u00e8res de bureau en bois Oakywood sont un excellent choix pour les travailleurs \u00e0 domicile qui cherchent \u00e0 am\u00e9liorer leur espace de travail. Fabriqu\u00e9es \u00e0 partir de bois de qualit\u00e9 sup\u00e9rieure, ces \u00e9tag\u00e8res sont robustes et durables, offrant une solution de rangement pratique et \u00e9l\u00e9gante pour votre bureau \u00e0 domicile. Avec une vari\u00e9t\u00e9 de tailles disponibles, vous pouvez choisir celle qui convient le mieux \u00e0 vos besoins. Les \u00e9tag\u00e8res de bureau Oakywood sont \u00e9galement tr\u00e8s esth\u00e9tiques et apporteront une touche naturelle \u00e0 votre environnement de travail. Leur design minimaliste les rend faciles \u00e0 int\u00e9grer dans n&#8217;importe quel style d&#8217;int\u00e9rieur. Si vous cherchez \u00e0 am\u00e9liorer l&#8217;organisation de votre espace de travail tout en ajoutant une touche esth\u00e9tique, les \u00e9tag\u00e8res de bureau en bois Oakywood sont un excellent choix.<\/p>\n\n\n\n<h3 class=\"wp-block-heading\">Etag\u00e8re de bureau Oakywood : configuration<\/h3>\n\n\n\n<p><a href=\"https:\/\/oakywood.shop\/fr-fr\/products\/desk-shelf-dual-monitor-stand\">L&#8217;\u00e9tag\u00e8re de bureau Oakywood<\/a> offre une configuration polyvalente et personnalisable pour r\u00e9pondre aux besoins sp\u00e9cifiques de votre espace de travail. Fabriqu\u00e9e en bois de haute qualit\u00e9, cette \u00e9tag\u00e8re est non seulement fonctionnelle, mais aussi esth\u00e9tiquement agr\u00e9able. Vous pouvez choisir parmi diff\u00e9rentes options de configuration. De plus, l&#8217;\u00e9tag\u00e8re Oakywood est dot\u00e9e d&#8217;un design minimaliste et \u00e9l\u00e9gant qui s&#8217;int\u00e8gre harmonieusement \u00e0 tout type de d\u00e9cor. Que vous ayez besoin d&#8217;espace pour ranger des livres, des dossiers ou des accessoires de bureau, cette \u00e9tag\u00e8re de bureau vous offre une solution pratique et esth\u00e9tique pour optimiser votre espace de travail.<\/p>\n\n\n\n<p>Cette \u00e9tag\u00e8re de bureau en bois est un excellent choix.&nbsp;<\/p>\n","protected":false},"excerpt":{"rendered":"<p>Vous cherchez \u00e0 optimiser votre espace de travail avec une l&#8217;\u00e9tag\u00e8re de bureau ? Ne cherchez pas plus loin&nbsp; !Nous allons vous pr\u00e9senter les diff\u00e9rents types d&#8217;\u00e9tag\u00e8res de bureau disponibles sur le march\u00e9, ainsi que vous donner des conseils sur la mani\u00e8re d&#8217;optimiser votre espace de travail. De plus, nous vous pr\u00e9senterons les \u00e9tag\u00e8res de [&hellip;]<\/p>\n","protected":false},"author":1,"featured_media":17,"parent":0,"menu_order":0,"comment_status":"closed","ping_status":"closed","template":"","meta":{"footnotes":""},"yoast_head":"<!-- This site is optimized with the Yoast SEO plugin v23.5 - https:\/\/yoast.com\/wordpress\/plugins\/seo\/ -->\n<title>L&#039;\u00e9tag\u00e8re de bureau: Espace de Travail Fonctionnel - etagere-de-bureau.eu<\/title>\n<meta name=\"description\" content=\"Maximisez votre productivit\u00e9 avec l&#039;\u00e9tag\u00e8re de bureau: Transformez votre espace de travail en un environnement fonctionnel et organis\u00e9.\" \/>\n<meta name=\"robots\" content=\"index, follow, max-snippet:-1, max-image-preview:large, max-video-preview:-1\" \/>\n<link rel=\"canonical\" href=\"https:\/\/etagere-de-bureau.eu\/\" \/>\n<meta property=\"og:locale\" content=\"pl_PL\" \/>\n<meta property=\"og:type\" content=\"article\" \/>\n<meta property=\"og:title\" content=\"L&#039;\u00e9tag\u00e8re de bureau: Espace de Travail Fonctionnel - etagere-de-bureau.eu\" \/>\n<meta property=\"og:description\" content=\"Maximisez votre productivit\u00e9 avec l&#039;\u00e9tag\u00e8re de bureau: Transformez votre espace de travail en un environnement fonctionnel et organis\u00e9.\" \/>\n<meta property=\"og:url\" content=\"https:\/\/etagere-de-bureau.eu\/\" \/>\n<meta property=\"og:site_name\" content=\"etagere-de-bureau.eu\" \/>\n<meta property=\"article:modified_time\" content=\"2024-02-27T21:56:41+00:00\" \/>\n<meta property=\"og:image\" content=\"https:\/\/etagere-de-bureau.eu\/wp-content\/uploads\/2024\/01\/mateusz-haberny-rfdLxJLGjwE-unsplash.jpg\" \/>\n\t<meta property=\"og:image:width\" content=\"2500\" \/>\n\t<meta property=\"og:image:height\" content=\"2000\" \/>\n\t<meta property=\"og:image:type\" content=\"image\/jpeg\" \/>\n<meta name=\"twitter:card\" content=\"summary_large_image\" \/>\n<meta name=\"twitter:label1\" content=\"Szacowany czas czytania\" \/>\n\t<meta name=\"twitter:data1\" content=\"5 minut\" \/>\n<script type=\"application\/ld+json\" class=\"yoast-schema-graph\">{\"@context\":\"https:\/\/schema.org\",\"@graph\":[{\"@type\":\"WebPage\",\"@id\":\"https:\/\/etagere-de-bureau.eu\/\",\"url\":\"https:\/\/etagere-de-bureau.eu\/\",\"name\":\"L'\u00e9tag\u00e8re de bureau: Espace de Travail Fonctionnel - etagere-de-bureau.eu\",\"isPartOf\":{\"@id\":\"https:\/\/etagere-de-bureau.eu\/#website\"},\"primaryImageOfPage\":{\"@id\":\"https:\/\/etagere-de-bureau.eu\/#primaryimage\"},\"image\":{\"@id\":\"https:\/\/etagere-de-bureau.eu\/#primaryimage\"},\"thumbnailUrl\":\"https:\/\/etagere-de-bureau.eu\/wp-content\/uploads\/2024\/01\/mateusz-haberny-rfdLxJLGjwE-unsplash.jpg\",\"datePublished\":\"2024-01-22T22:07:08+00:00\",\"dateModified\":\"2024-02-27T21:56:41+00:00\",\"description\":\"Maximisez votre productivit\u00e9 avec l'\u00e9tag\u00e8re de bureau: Transformez votre espace de travail en un environnement fonctionnel et organis\u00e9.\",\"breadcrumb\":{\"@id\":\"https:\/\/etagere-de-bureau.eu\/#breadcrumb\"},\"inLanguage\":\"pl-PL\",\"potentialAction\":[{\"@type\":\"ReadAction\",\"target\":[\"https:\/\/etagere-de-bureau.eu\/\"]}]},{\"@type\":\"ImageObject\",\"inLanguage\":\"pl-PL\",\"@id\":\"https:\/\/etagere-de-bureau.eu\/#primaryimage\",\"url\":\"https:\/\/etagere-de-bureau.eu\/wp-content\/uploads\/2024\/01\/mateusz-haberny-rfdLxJLGjwE-unsplash.jpg\",\"contentUrl\":\"https:\/\/etagere-de-bureau.eu\/wp-content\/uploads\/2024\/01\/mateusz-haberny-rfdLxJLGjwE-unsplash.jpg\",\"width\":2500,\"height\":2000},{\"@type\":\"BreadcrumbList\",\"@id\":\"https:\/\/etagere-de-bureau.eu\/#breadcrumb\",\"itemListElement\":[{\"@type\":\"ListItem\",\"position\":1,\"name\":\"Strona g\u0142\u00f3wna\",\"item\":\"https:\/\/etagere-de-bureau.eu\/\"},{\"@type\":\"ListItem\",\"position\":2,\"name\":\"L&#8217;\u00e9tag\u00e8re de bureau: Espace de Travail Fonctionnel\"}]},{\"@type\":\"WebSite\",\"@id\":\"https:\/\/etagere-de-bureau.eu\/#website\",\"url\":\"https:\/\/etagere-de-bureau.eu\/\",\"name\":\"etagere-de-bureau.eu\",\"description\":\"etagere-de-bureau.eu\",\"potentialAction\":[{\"@type\":\"SearchAction\",\"target\":{\"@type\":\"EntryPoint\",\"urlTemplate\":\"https:\/\/etagere-de-bureau.eu\/?s={search_term_string}\"},\"query-input\":{\"@type\":\"PropertyValueSpecification\",\"valueRequired\":true,\"valueName\":\"search_term_string\"}}],\"inLanguage\":\"pl-PL\"}]}<\/script>\n<!-- \/ Yoast SEO plugin. -->","yoast_head_json":{"title":"L'\u00e9tag\u00e8re de bureau: Espace de Travail Fonctionnel - etagere-de-bureau.eu","description":"Maximisez votre productivit\u00e9 avec l'\u00e9tag\u00e8re de bureau: Transformez votre espace de travail en un environnement fonctionnel et organis\u00e9.","robots":{"index":"index","follow":"follow","max-snippet":"max-snippet:-1","max-image-preview":"max-image-preview:large","max-video-preview":"max-video-preview:-1"},"canonical":"https:\/\/etagere-de-bureau.eu\/","og_locale":"pl_PL","og_type":"article","og_title":"L'\u00e9tag\u00e8re de bureau: Espace de Travail Fonctionnel - etagere-de-bureau.eu","og_description":"Maximisez votre productivit\u00e9 avec l'\u00e9tag\u00e8re de bureau: Transformez votre espace de travail en un environnement fonctionnel et organis\u00e9.","og_url":"https:\/\/etagere-de-bureau.eu\/","og_site_name":"etagere-de-bureau.eu","article_modified_time":"2024-02-27T21:56:41+00:00","og_image":[{"width":2500,"height":2000,"url":"https:\/\/etagere-de-bureau.eu\/wp-content\/uploads\/2024\/01\/mateusz-haberny-rfdLxJLGjwE-unsplash.jpg","type":"image\/jpeg"}],"twitter_card":"summary_large_image","twitter_misc":{"Szacowany czas czytania":"5 minut"},"schema":{"@context":"https:\/\/schema.org","@graph":[{"@type":"WebPage","@id":"https:\/\/etagere-de-bureau.eu\/","url":"https:\/\/etagere-de-bureau.eu\/","name":"L'\u00e9tag\u00e8re de bureau: Espace de Travail Fonctionnel - etagere-de-bureau.eu","isPartOf":{"@id":"https:\/\/etagere-de-bureau.eu\/#website"},"primaryImageOfPage":{"@id":"https:\/\/etagere-de-bureau.eu\/#primaryimage"},"image":{"@id":"https:\/\/etagere-de-bureau.eu\/#primaryimage"},"thumbnailUrl":"https:\/\/etagere-de-bureau.eu\/wp-content\/uploads\/2024\/01\/mateusz-haberny-rfdLxJLGjwE-unsplash.jpg","datePublished":"2024-01-22T22:07:08+00:00","dateModified":"2024-02-27T21:56:41+00:00","description":"Maximisez votre productivit\u00e9 avec l'\u00e9tag\u00e8re de bureau: Transformez votre espace de travail en un environnement fonctionnel et organis\u00e9.","breadcrumb":{"@id":"https:\/\/etagere-de-bureau.eu\/#breadcrumb"},"inLanguage":"pl-PL","potentialAction":[{"@type":"ReadAction","target":["https:\/\/etagere-de-bureau.eu\/"]}]},{"@type":"ImageObject","inLanguage":"pl-PL","@id":"https:\/\/etagere-de-bureau.eu\/#primaryimage","url":"https:\/\/etagere-de-bureau.eu\/wp-content\/uploads\/2024\/01\/mateusz-haberny-rfdLxJLGjwE-unsplash.jpg","contentUrl":"https:\/\/etagere-de-bureau.eu\/wp-content\/uploads\/2024\/01\/mateusz-haberny-rfdLxJLGjwE-unsplash.jpg","width":2500,"height":2000},{"@type":"BreadcrumbList","@id":"https:\/\/etagere-de-bureau.eu\/#breadcrumb","itemListElement":[{"@type":"ListItem","position":1,"name":"Strona g\u0142\u00f3wna","item":"https:\/\/etagere-de-bureau.eu\/"},{"@type":"ListItem","position":2,"name":"L&#8217;\u00e9tag\u00e8re de bureau: Espace de Travail Fonctionnel"}]},{"@type":"WebSite","@id":"https:\/\/etagere-de-bureau.eu\/#website","url":"https:\/\/etagere-de-bureau.eu\/","name":"etagere-de-bureau.eu","description":"etagere-de-bureau.eu","potentialAction":[{"@type":"SearchAction","target":{"@type":"EntryPoint","urlTemplate":"https:\/\/etagere-de-bureau.eu\/?s={search_term_string}"},"query-input":{"@type":"PropertyValueSpecification","valueRequired":true,"valueName":"search_term_string"}}],"inLanguage":"pl-PL"}]}},"_links":{"self":[{"href":"https:\/\/etagere-de-bureau.eu\/index.php\/wp-json\/wp\/v2\/pages\/8"}],"collection":[{"href":"https:\/\/etagere-de-bureau.eu\/index.php\/wp-json\/wp\/v2\/pages"}],"about":[{"href":"https:\/\/etagere-de-bureau.eu\/index.php\/wp-json\/wp\/v2\/types\/page"}],"author":[{"embeddable":true,"href":"https:\/\/etagere-de-bureau.eu\/index.php\/wp-json\/wp\/v2\/users\/1"}],"replies":[{"embeddable":true,"href":"https:\/\/etagere-de-bureau.eu\/index.php\/wp-json\/wp\/v2\/comments?post=8"}],"version-history":[{"count":3,"href":"https:\/\/etagere-de-bureau.eu\/index.php\/wp-json\/wp\/v2\/pages\/8\/revisions"}],"predecessor-version":[{"id":24,"href":"https:\/\/etagere-de-bureau.eu\/index.php\/wp-json\/wp\/v2\/pages\/8\/revisions\/24"}],"wp:featuredmedia":[{"embeddable":true,"href":"https:\/\/etagere-de-bureau.eu\/index.php\/wp-json\/wp\/v2\/media\/17"}],"wp:attachment":[{"href":"https:\/\/etagere-de-bureau.eu\/index.php\/wp-json\/wp\/v2\/media?parent=8"}],"curies":[{"name":"wp","href":"https:\/\/api.w.org\/{rel}","templated":true}]}}